{"id":232,"date":"2023-08-07T11:09:55","date_gmt":"2023-08-07T11:09:55","guid":{"rendered":"https:\/\/www.horscategoriegirona.cc\/?page_id=232"},"modified":"2023-08-11T12:16:50","modified_gmt":"2023-08-11T12:16:50","slug":"aviso-legal","status":"publish","type":"page","link":"https:\/\/www.horscategoriegirona.cc\/ca\/aviso-legal\/","title":{"rendered":"Aviso legal"},"content":{"rendered":"<style>.elementor-232 .elementor-element.elementor-element-290c6d5b > .elementor-container{max-width:1290px;}.elementor-232 .elementor-element.elementor-element-290c6d5b:not(.elementor-motion-effects-element-type-background), .elementor-232 .elementor-element.elementor-element-290c6d5b > .elementor-motion-effects-container > .elementor-motion-effects-layer{background-image:url(\"https:\/\/www.horscategoriegirona.cc\/wp-content\/uploads\/2023\/08\/2019-05-16-HorsC-380_ok.jpg\");background-position:bottom center;background-repeat:no-repeat;background-size:cover;}.elementor-232 .elementor-element.elementor-element-290c6d5b > .elementor-background-overlay{background-color:transparent;background-image:linear-gradient(90deg, #1B252F8F 53%, #1B252FF7 53%);opacity:1;transition:background 0.3s, border-radius 0.3s, opacity 0.3s;}.elementor-232 .elementor-element.elementor-element-290c6d5b{transition:background 0.3s, border 0.3s, border-radius 0.3s, box-shadow 0.3s;padding:300px 0px 200px 0px;}.elementor-232 .elementor-element.elementor-element-290c6d5b > .elementor-shape-bottom svg{width:calc(120% + 1.3px);height:120px;transform:translateX(-50%) rotateY(180deg);}.elementor-232 .elementor-element.elementor-element-16e8cfb4 > .elementor-element-populated{transition:background 0.3s, border 0.3s, border-radius 0.3s, box-shadow 0.3s;}.elementor-232 .elementor-element.elementor-element-16e8cfb4 > .elementor-element-populated > .elementor-background-overlay{transition:background 0.3s, border-radius 0.3s, opacity 0.3s;}.elementor-232 .elementor-element.elementor-element-78fc76ba{text-align:end;}.elementor-232 .elementor-element.elementor-element-78fc76ba .elementor-heading-title{font-family:\"Archivo Black\", Sans-serif;font-size:56px;font-weight:400;text-transform:uppercase;font-style:italic;line-height:1em;color:#FFFFFF;}.elementor-232 .elementor-element.elementor-element-6af3b322 > .elementor-container{max-width:1290px;}.elementor-232 .elementor-element.elementor-element-6af3b322 > .elementor-container > .elementor-column > .elementor-widget-wrap{align-content:center;align-items:center;}.elementor-232 .elementor-element.elementor-element-6af3b322{padding:120px 0px 120px 0px;}.elementor-bc-flex-widget .elementor-232 .elementor-element.elementor-element-3879ca5f.elementor-column .elementor-widget-wrap{align-items:center;}.elementor-232 .elementor-element.elementor-element-3879ca5f.elementor-column.elementor-element[data-element_type=\"column\"] > .elementor-widget-wrap.elementor-element-populated{align-content:center;align-items:center;}.elementor-232 .elementor-element.elementor-element-3879ca5f > .elementor-element-populated{margin:0px 0px 0px 60px;--e-column-margin-right:0px;--e-column-margin-left:60px;}@media(max-width:1024px) and (min-width:768px){.elementor-232 .elementor-element.elementor-element-3879ca5f{width:100%;}}@media(max-width:1024px){.elementor-232 .elementor-element.elementor-element-290c6d5b > .elementor-shape-bottom svg{width:calc(150% + 1.3px);height:120px;}.elementor-232 .elementor-element.elementor-element-290c6d5b{padding:270px 10px 150px 10px;}.elementor-232 .elementor-element.elementor-element-78fc76ba .elementor-heading-title{font-size:46px;}.elementor-232 .elementor-element.elementor-element-6af3b322{padding:80px 10px 80px 10px;}.elementor-232 .elementor-element.elementor-element-3879ca5f > .elementor-element-populated{margin:40px 1px 0px 0px;--e-column-margin-right:1px;--e-column-margin-left:0px;}}@media(max-width:767px){.elementor-232 .elementor-element.elementor-element-290c6d5b:not(.elementor-motion-effects-element-type-background), .elementor-232 .elementor-element.elementor-element-290c6d5b > .elementor-motion-effects-container > .elementor-motion-effects-layer{background-position:center center;}.elementor-232 .elementor-element.elementor-element-290c6d5b > .elementor-shape-bottom svg{height:100px;}.elementor-232 .elementor-element.elementor-element-290c6d5b{padding:200px 5px 150px 5px;}.elementor-232 .elementor-element.elementor-element-78fc76ba{text-align:center;}.elementor-232 .elementor-element.elementor-element-78fc76ba .elementor-heading-title{font-size:30px;}.elementor-232 .elementor-element.elementor-element-6af3b322{padding:50px 5px 50px 5px;}.elementor-232 .elementor-element.elementor-element-3879ca5f > .elementor-element-populated{margin:0px 0px 0px 0px;--e-column-margin-right:0px;--e-column-margin-left:0px;}.elementor-232 .elementor-element.elementor-element-35fad26{text-align:justify;}}<\/style>\t\t<div data-elementor-type=\"wp-page\" data-elementor-id=\"232\" class=\"elementor elementor-232\" data-elementor-post-type=\"page\">\n\t\t\t\t\t\t<section class=\"elementor-section elementor-top-section elementor-element elementor-element-290c6d5b elementor-reverse-tablet elementor-reverse-mobile elementor-section-boxed elementor-section-height-default elementor-section-height-default\" data-id=\"290c6d5b\" data-element_type=\"section\" data-e-type=\"section\" data-settings=\"{&quot;background_background&quot;:&quot;classic&quot;,&quot;shape_divider_bottom&quot;:&quot;pyramids&quot;,&quot;shape_divider_bottom_negative&quot;:&quot;yes&quot;}\">\n\t\t\t\t\t\t\t<div class=\"elementor-background-overlay\"><\/div>\n\t\t\t\t\t\t<div class=\"elementor-shape elementor-shape-bottom\" aria-hidden=\"true\" data-negative=\"true\">\n\t\t\t<svg xmlns=\"http:\/\/www.w3.org\/2000\/svg\" viewBox=\"0 0 1000 100\" preserveAspectRatio=\"none\">\n\t<path class=\"elementor-shape-fill\" d=\"M761.9,40.6L643.1,24L333.9,93.8L0.1,1H0v99h1000V1\"\/>\n<\/svg>\t\t<\/div>\n\t\t\t\t\t<div class=\"elementor-container elementor-column-gap-default\">\n\t\t\t\t\t<div class=\"elementor-column elementor-col-100 elementor-top-column elementor-element elementor-element-16e8cfb4\" data-id=\"16e8cfb4\" data-element_type=\"column\" data-e-type=\"column\" data-settings=\"{&quot;background_background&quot;:&quot;classic&quot;}\">\n\t\t\t<div class=\"elementor-widget-wrap elementor-element-populated\">\n\t\t\t\t\t\t\t<\/div>\n\t\t<\/div>\n\t\t\t\t\t<\/div>\n\t\t<\/section>\n\t\t\t\t<section class=\"elementor-section elementor-top-section elementor-element elementor-element-6af3b322 elementor-section-content-middle elementor-section-boxed elementor-section-height-default elementor-section-height-default\" data-id=\"6af3b322\" data-element_type=\"section\" data-e-type=\"section\">\n\t\t\t\t\t\t<div class=\"elementor-container elementor-column-gap-default\">\n\t\t\t\t\t<div class=\"elementor-column elementor-col-100 elementor-top-column elementor-element elementor-element-3879ca5f\" data-id=\"3879ca5f\" data-element_type=\"column\" data-e-type=\"column\">\n\t\t\t<div class=\"elementor-widget-wrap elementor-element-populated\">\n\t\t\t\t\t\t<div class=\"elementor-element elementor-element-35fad26 elementor-widget elementor-widget-text-editor\" data-id=\"35fad26\" data-element_type=\"widget\" data-e-type=\"widget\" data-widget_type=\"text-editor.default\">\n\t\t\t\t<div class=\"elementor-widget-container\">\n\t\t\t\t\t\t\t\t\t<div>El sitio web y el dominio <a href=\"http:\/\/www.horscategoriegirona.cc\/\" target=\"_blank\" rel=\"noopener\" data-saferedirecturl=\"https:\/\/www.google.com\/url?q=http:\/\/www.horscategoriegirona.cc&amp;source=gmail&amp;ust=1691666109946000&amp;usg=AOvVaw2UPlDEFBOrU3DC1gMLznHx\">www.horscategoriegirona.cc<\/a>\u00a0corresponden a HC BIKE-COFFE SL (en adelante Hors Categorie), con CIF B55331813, domiciliada en Calle Perill, n\u00ba3 Girona (17001), tel. 669 970 758, a \/ e\u00a0<a href=\"mailto:info@horscategoriegirona.cc\" target=\"_blank\" rel=\"noopener\">info@horscategoriegirona.cc<\/a>.<\/div><div>\u00a0<\/div><div>Figura inscrita en el Registro Mercantil de Girona.<\/div><div>\u00a0<\/div><div><strong>PROPIEDAD INTELECTUAL E INDUSTRIAL<\/strong><\/div><div>\u00a0<\/div><div>Los contenidos de este sitio, incluyendo los textos, im\u00e1genes y dise\u00f1os gr\u00e1ficos, pertenecen aHors Categorie, o a terceros que han autorizado su uso espec\u00edficamente en su sitio web.Hors Categorie presenta estos contenidos con fines de informaci\u00f3n y publicidad.\u00a0Hors Categorie autoriza su utilizaci\u00f3n exclusivamente para difundir sus productos o servicios. Cualquier utilizaci\u00f3n de estos dise\u00f1os, im\u00e1genes o textos deber\u00e1 citar expresamente su pertenencia aHors Categorie, que se reserva el derecho a iniciar las acciones legales oportunas para reparar los da\u00f1os y perjuicios causados \u200b\u200bpor cualquier acto que vulnere sus derechos de propiedad inteligente intelectual o industrial. No se autoriza la utilizaci\u00f3n de los logotipos, dise\u00f1os, marcas u otros signos distintivos deHors Categorie ni los clientes deHors Categorie sin autorizaci\u00f3n expresa, previa y por escrito de los respectivos titulares de los derechos.<\/div><div>\u00a0<\/div><div>No se autorizan presentaciones de los contenidos de este sitio en una ventana ajena a\u00a0<a href=\"http:\/\/www.horscategoriegirona.cc\/\" target=\"_blank\" rel=\"noopener\" data-saferedirecturl=\"https:\/\/www.google.com\/url?q=http:\/\/www.horscategoriegirona.cc&amp;source=gmail&amp;ust=1691666109946000&amp;usg=AOvVaw2UPlDEFBOrU3DC1gMLznHx\">www.horscategoriegirona.cc<\/a>\u00a0(framing).<\/div><div>\u00a0<\/div><div><strong>RESPONSABILIDAD SOBRE LOS CONTENIDOS<\/strong><\/div><div>\u00a0<\/div><div>AunqueHors Categorie act\u00faa con la m\u00e1xima diligencia posible, puede darse el caso de que alg\u00fan dato o informaci\u00f3n no est\u00e9 del todo actualizada en el momento que el usuario del sitio web lo consulte. Por esoHors Categorie manifiesta que las referencias de los productos y precios que se presentan en su sitio web tienen una funci\u00f3n orientativa y no obligan aHors Categorie hasta la confirmaci\u00f3n expresa de un pedido.<\/div><div>\u00a0<\/div><div>Hors Categorie no se hace responsable de la informaci\u00f3n que se pueda obtener a trav\u00e9s de enlaces incluidos en el sitio.<\/div><div>\u00a0<\/div><div><strong>CONDICIONES DE USO<\/strong><\/div><div>\u00a0<\/div><div>El uso de este sitio web implica la aceptaci\u00f3n plena de los t\u00e9rminos y condiciones del presente aviso legal. Los posibles conflictos relativos a esta web se regir\u00e1n exclusivamente por el derecho del Estado espa\u00f1ol. Toda persona usuaria del web, independientemente de la jurisdicci\u00f3n territorial desde la que se produzca su acceso, acepta el cumplimiento y respeto de estas cl\u00e1usulas.<\/div>\t\t\t\t\t\t\t\t<\/div>\n\t\t\t\t<\/div>\n\t\t\t\t\t<\/div>\n\t\t<\/div>\n\t\t\t\t\t<\/div>\n\t\t<\/section>\n\t\t\t\t<\/div>\n\t\t","protected":false},"excerpt":{"rendered":"<p>El sitio web y el dominio www.horscategoriegirona.cc\u00a0corresponden a HC BIKE-COFFE SL (en adelante Hors Categorie), con CIF B55331813, domiciliada en Calle Perill, n\u00ba3 Girona (17001), tel. 669 970 758, a \/ e\u00a0info@horscategoriegirona.cc.\u00a0Figura inscrita en el Registro Mercantil de Girona.\u00a0PROPIEDAD INTELECTUAL E INDUSTRIAL\u00a0Los contenidos de este sitio, incluyendo los textos, im\u00e1genes y dise\u00f1os gr\u00e1ficos, pertenecen aHors&hellip;&nbsp;<\/p>","protected":false},"author":1,"featured_media":0,"parent":0,"menu_order":0,"comment_status":"closed","ping_status":"closed","template":"page-templates\/template-pagebuilder-full-width.php","meta":{"neve_meta_sidebar":"","neve_meta_container":"","neve_meta_enable_content_width":"off","neve_meta_content_width":100,"neve_meta_title_alignment":"","neve_meta_author_avatar":"","neve_post_elements_order":"","neve_meta_disable_header":"","neve_meta_disable_footer":"","neve_meta_disable_title":"","footnotes":""},"class_list":["post-232","page","type-page","status-publish","hentry"],"yoast_head":"<!-- This site is optimized with the Yoast SEO plugin v27.1.1 - https:\/\/yoast.com\/product\/yoast-seo-wordpress\/ -->\n<title>Aviso legal - Hors Cat\u00e9gorie | Cafeter\u00eda de comida sana, caf\u00e9 y ciclismo en Girona<\/title>\n<meta name=\"robots\" content=\"index, follow, max-snippet:-1, max-image-preview:large, max-video-preview:-1\" \/>\n<link rel=\"canonical\" href=\"https:\/\/www.horscategoriegirona.cc\/ca\/aviso-legal\/\" \/>\n<meta property=\"og:locale\" content=\"ca_ES\" \/>\n<meta property=\"og:type\" content=\"article\" \/>\n<meta property=\"og:title\" content=\"Aviso legal - Hors Cat\u00e9gorie | Cafeter\u00eda de comida sana, caf\u00e9 y ciclismo en Girona\" \/>\n<meta property=\"og:description\" content=\"El sitio web y el dominio www.horscategoriegirona.cc\u00a0corresponden a HC BIKE-COFFE SL (en adelante Hors Categorie), con CIF B55331813, domiciliada en Calle Perill, n\u00ba3 Girona (17001), tel. 669 970 758, a \/ e\u00a0info@horscategoriegirona.cc.\u00a0Figura inscrita en el Registro Mercantil de Girona.\u00a0PROPIEDAD INTELECTUAL E INDUSTRIAL\u00a0Los contenidos de este sitio, incluyendo los textos, im\u00e1genes y dise\u00f1os gr\u00e1ficos, pertenecen aHors&hellip;&nbsp;\" \/>\n<meta property=\"og:url\" content=\"https:\/\/www.horscategoriegirona.cc\/ca\/aviso-legal\/\" \/>\n<meta property=\"og:site_name\" content=\"Hors Cat\u00e9gorie | Cafeter\u00eda de comida sana, caf\u00e9 y ciclismo en Girona\" \/>\n<meta property=\"article:modified_time\" content=\"2023-08-11T12:16:50+00:00\" \/>\n<meta name=\"twitter:card\" content=\"summary_large_image\" \/>\n<meta name=\"twitter:label1\" content=\"Temps estimat de lectura\" \/>\n\t<meta name=\"twitter:data1\" content=\"2 minuts\" \/>\n<script type=\"application\/ld+json\" class=\"yoast-schema-graph\">{\"@context\":\"https:\/\/schema.org\",\"@graph\":[{\"@type\":\"WebPage\",\"@id\":\"https:\/\/www.horscategoriegirona.cc\/aviso-legal\/\",\"url\":\"https:\/\/www.horscategoriegirona.cc\/aviso-legal\/\",\"name\":\"Aviso legal - Hors Cat\u00e9gorie | Cafeter\u00eda de comida sana, caf\u00e9 y ciclismo en Girona\",\"isPartOf\":{\"@id\":\"https:\/\/www.horscategoriegirona.cc\/#website\"},\"datePublished\":\"2023-08-07T11:09:55+00:00\",\"dateModified\":\"2023-08-11T12:16:50+00:00\",\"breadcrumb\":{\"@id\":\"https:\/\/www.horscategoriegirona.cc\/aviso-legal\/#breadcrumb\"},\"inLanguage\":\"ca\",\"potentialAction\":[{\"@type\":\"ReadAction\",\"target\":[\"https:\/\/www.horscategoriegirona.cc\/aviso-legal\/\"]}]},{\"@type\":\"BreadcrumbList\",\"@id\":\"https:\/\/www.horscategoriegirona.cc\/aviso-legal\/#breadcrumb\",\"itemListElement\":[{\"@type\":\"ListItem\",\"position\":1,\"name\":\"Portada\",\"item\":\"https:\/\/www.horscategoriegirona.cc\/\"},{\"@type\":\"ListItem\",\"position\":2,\"name\":\"Aviso legal\"}]},{\"@type\":\"WebSite\",\"@id\":\"https:\/\/www.horscategoriegirona.cc\/#website\",\"url\":\"https:\/\/www.horscategoriegirona.cc\/\",\"name\":\"Hors Cat\u00e9gorie | Cafeter\u00eda de comida sana, caf\u00e9 y ciclismo en Girona\",\"description\":\"Hors Cat\u00e9gorie es la cafeter\u00eda de Girona con los mejores platos de comida saludable, caf\u00e9 de especialidad, cerveza artesanal y complementos de ciclismo.\",\"potentialAction\":[{\"@type\":\"SearchAction\",\"target\":{\"@type\":\"EntryPoint\",\"urlTemplate\":\"https:\/\/www.horscategoriegirona.cc\/?s={search_term_string}\"},\"query-input\":{\"@type\":\"PropertyValueSpecification\",\"valueRequired\":true,\"valueName\":\"search_term_string\"}}],\"inLanguage\":\"ca\"}]}<\/script>\n<!-- \/ Yoast SEO plugin. -->","yoast_head_json":{"title":"Aviso legal - Hors Cat\u00e9gorie | Cafeter\u00eda de comida sana, caf\u00e9 y ciclismo en Girona","robots":{"index":"index","follow":"follow","max-snippet":"max-snippet:-1","max-image-preview":"max-image-preview:large","max-video-preview":"max-video-preview:-1"},"canonical":"https:\/\/www.horscategoriegirona.cc\/ca\/aviso-legal\/","og_locale":"ca_ES","og_type":"article","og_title":"Aviso legal - Hors Cat\u00e9gorie | Cafeter\u00eda de comida sana, caf\u00e9 y ciclismo en Girona","og_description":"El sitio web y el dominio www.horscategoriegirona.cc\u00a0corresponden a HC BIKE-COFFE SL (en adelante Hors Categorie), con CIF B55331813, domiciliada en Calle Perill, n\u00ba3 Girona (17001), tel. 669 970 758, a \/ e\u00a0info@horscategoriegirona.cc.\u00a0Figura inscrita en el Registro Mercantil de Girona.\u00a0PROPIEDAD INTELECTUAL E INDUSTRIAL\u00a0Los contenidos de este sitio, incluyendo los textos, im\u00e1genes y dise\u00f1os gr\u00e1ficos, pertenecen aHors&hellip;&nbsp;","og_url":"https:\/\/www.horscategoriegirona.cc\/ca\/aviso-legal\/","og_site_name":"Hors Cat\u00e9gorie | Cafeter\u00eda de comida sana, caf\u00e9 y ciclismo en Girona","article_modified_time":"2023-08-11T12:16:50+00:00","twitter_card":"summary_large_image","twitter_misc":{"Temps estimat de lectura":"2 minuts"},"schema":{"@context":"https:\/\/schema.org","@graph":[{"@type":"WebPage","@id":"https:\/\/www.horscategoriegirona.cc\/aviso-legal\/","url":"https:\/\/www.horscategoriegirona.cc\/aviso-legal\/","name":"Aviso legal - Hors Cat\u00e9gorie | Cafeter\u00eda de comida sana, caf\u00e9 y ciclismo en Girona","isPartOf":{"@id":"https:\/\/www.horscategoriegirona.cc\/#website"},"datePublished":"2023-08-07T11:09:55+00:00","dateModified":"2023-08-11T12:16:50+00:00","breadcrumb":{"@id":"https:\/\/www.horscategoriegirona.cc\/aviso-legal\/#breadcrumb"},"inLanguage":"ca","potentialAction":[{"@type":"ReadAction","target":["https:\/\/www.horscategoriegirona.cc\/aviso-legal\/"]}]},{"@type":"BreadcrumbList","@id":"https:\/\/www.horscategoriegirona.cc\/aviso-legal\/#breadcrumb","itemListElement":[{"@type":"ListItem","position":1,"name":"Portada","item":"https:\/\/www.horscategoriegirona.cc\/"},{"@type":"ListItem","position":2,"name":"Aviso legal"}]},{"@type":"WebSite","@id":"https:\/\/www.horscategoriegirona.cc\/#website","url":"https:\/\/www.horscategoriegirona.cc\/","name":"Hors Cat\u00e9gorie | Cafeter\u00eda de comida sana, caf\u00e9 y ciclismo en Girona","description":"Hors Cat\u00e9gorie es la cafeter\u00eda de Girona con los mejores platos de comida saludable, caf\u00e9 de especialidad, cerveza artesanal y complementos de ciclismo.","potentialAction":[{"@type":"SearchAction","target":{"@type":"EntryPoint","urlTemplate":"https:\/\/www.horscategoriegirona.cc\/?s={search_term_string}"},"query-input":{"@type":"PropertyValueSpecification","valueRequired":true,"valueName":"search_term_string"}}],"inLanguage":"ca"}]}},"_links":{"self":[{"href":"https:\/\/www.horscategoriegirona.cc\/ca\/wp-json\/wp\/v2\/pages\/232","targetHints":{"allow":["GET"]}}],"collection":[{"href":"https:\/\/www.horscategoriegirona.cc\/ca\/wp-json\/wp\/v2\/pages"}],"about":[{"href":"https:\/\/www.horscategoriegirona.cc\/ca\/wp-json\/wp\/v2\/types\/page"}],"author":[{"embeddable":true,"href":"https:\/\/www.horscategoriegirona.cc\/ca\/wp-json\/wp\/v2\/users\/1"}],"replies":[{"embeddable":true,"href":"https:\/\/www.horscategoriegirona.cc\/ca\/wp-json\/wp\/v2\/comments?post=232"}],"version-history":[{"count":16,"href":"https:\/\/www.horscategoriegirona.cc\/ca\/wp-json\/wp\/v2\/pages\/232\/revisions"}],"predecessor-version":[{"id":422,"href":"https:\/\/www.horscategoriegirona.cc\/ca\/wp-json\/wp\/v2\/pages\/232\/revisions\/422"}],"wp:attachment":[{"href":"https:\/\/www.horscategoriegirona.cc\/ca\/wp-json\/wp\/v2\/media?parent=232"}],"curies":[{"name":"wp","href":"https:\/\/api.w.org\/{rel}","templated":true}]}}