{"id":237,"date":"2023-08-07T11:12:56","date_gmt":"2023-08-07T11:12:56","guid":{"rendered":"https:\/\/www.horscategoriegirona.cc\/?page_id=237"},"modified":"2023-08-11T12:18:14","modified_gmt":"2023-08-11T12:18:14","slug":"politica-de-cookies","status":"publish","type":"page","link":"https:\/\/www.horscategoriegirona.cc\/en\/politica-de-cookies\/","title":{"rendered":"Pol\u00edtica de cookies"},"content":{"rendered":"<style>.elementor-237 .elementor-element.elementor-element-290c6d5b > .elementor-container{max-width:1290px;}.elementor-237 .elementor-element.elementor-element-290c6d5b:not(.elementor-motion-effects-element-type-background), .elementor-237 .elementor-element.elementor-element-290c6d5b > .elementor-motion-effects-container > .elementor-motion-effects-layer{background-image:url(\"https:\/\/www.horscategoriegirona.cc\/wp-content\/uploads\/2023\/08\/2019-05-16-HorsC-380_ok.jpg\");background-position:bottom center;background-repeat:no-repeat;background-size:cover;}.elementor-237 .elementor-element.elementor-element-290c6d5b > .elementor-background-overlay{background-color:transparent;background-image:linear-gradient(90deg, #1B252F8F 53%, #1B252FF7 53%);opacity:1;transition:background 0.3s, border-radius 0.3s, opacity 0.3s;}.elementor-237 .elementor-element.elementor-element-290c6d5b{transition:background 0.3s, border 0.3s, border-radius 0.3s, box-shadow 0.3s;padding:300px 0px 200px 0px;}.elementor-237 .elementor-element.elementor-element-290c6d5b > .elementor-shape-bottom svg{width:calc(120% + 1.3px);height:120px;transform:translateX(-50%) rotateY(180deg);}.elementor-237 .elementor-element.elementor-element-16e8cfb4 > .elementor-element-populated{transition:background 0.3s, border 0.3s, border-radius 0.3s, box-shadow 0.3s;}.elementor-237 .elementor-element.elementor-element-16e8cfb4 > .elementor-element-populated > .elementor-background-overlay{transition:background 0.3s, border-radius 0.3s, opacity 0.3s;}.elementor-237 .elementor-element.elementor-element-78fc76ba{text-align:end;}.elementor-237 .elementor-element.elementor-element-78fc76ba .elementor-heading-title{font-family:\"Archivo Black\", Sans-serif;font-size:56px;font-weight:400;text-transform:uppercase;font-style:italic;line-height:1em;color:#FFFFFF;}.elementor-237 .elementor-element.elementor-element-6af3b322 > .elementor-container{max-width:1290px;}.elementor-237 .elementor-element.elementor-element-6af3b322 > .elementor-container > .elementor-column > .elementor-widget-wrap{align-content:center;align-items:center;}.elementor-237 .elementor-element.elementor-element-6af3b322{padding:120px 0px 120px 0px;}.elementor-bc-flex-widget .elementor-237 .elementor-element.elementor-element-3879ca5f.elementor-column .elementor-widget-wrap{align-items:center;}.elementor-237 .elementor-element.elementor-element-3879ca5f.elementor-column.elementor-element[data-element_type=\"column\"] > .elementor-widget-wrap.elementor-element-populated{align-content:center;align-items:center;}.elementor-237 .elementor-element.elementor-element-3879ca5f > .elementor-element-populated{margin:0px 0px 0px 60px;--e-column-margin-right:0px;--e-column-margin-left:60px;}@media(max-width:1024px) and (min-width:768px){.elementor-237 .elementor-element.elementor-element-3879ca5f{width:100%;}}@media(max-width:1024px){.elementor-237 .elementor-element.elementor-element-290c6d5b > .elementor-shape-bottom svg{width:calc(150% + 1.3px);height:120px;}.elementor-237 .elementor-element.elementor-element-290c6d5b{padding:270px 10px 150px 10px;}.elementor-237 .elementor-element.elementor-element-78fc76ba .elementor-heading-title{font-size:46px;}.elementor-237 .elementor-element.elementor-element-6af3b322{padding:80px 10px 80px 10px;}.elementor-237 .elementor-element.elementor-element-3879ca5f > .elementor-element-populated{margin:40px 1px 0px 0px;--e-column-margin-right:1px;--e-column-margin-left:0px;}}@media(max-width:767px){.elementor-237 .elementor-element.elementor-element-290c6d5b:not(.elementor-motion-effects-element-type-background), .elementor-237 .elementor-element.elementor-element-290c6d5b > .elementor-motion-effects-container > .elementor-motion-effects-layer{background-position:center center;}.elementor-237 .elementor-element.elementor-element-290c6d5b > .elementor-shape-bottom svg{height:100px;}.elementor-237 .elementor-element.elementor-element-290c6d5b{padding:200px 5px 150px 5px;}.elementor-237 .elementor-element.elementor-element-78fc76ba{text-align:center;}.elementor-237 .elementor-element.elementor-element-78fc76ba .elementor-heading-title{font-size:30px;}.elementor-237 .elementor-element.elementor-element-6af3b322{padding:50px 5px 50px 5px;}.elementor-237 .elementor-element.elementor-element-3879ca5f > .elementor-element-populated{margin:0px 0px 0px 0px;--e-column-margin-right:0px;--e-column-margin-left:0px;}.elementor-237 .elementor-element.elementor-element-35fad26{text-align:justify;}}<\/style>\t\t<div data-elementor-type=\"wp-page\" data-elementor-id=\"237\" class=\"elementor elementor-237\" data-elementor-post-type=\"page\">\n\t\t\t\t\t\t<section class=\"elementor-section elementor-top-section elementor-element elementor-element-290c6d5b elementor-reverse-tablet elementor-reverse-mobile elementor-section-boxed elementor-section-height-default elementor-section-height-default\" data-id=\"290c6d5b\" data-element_type=\"section\" data-e-type=\"section\" data-settings=\"{&quot;background_background&quot;:&quot;classic&quot;,&quot;shape_divider_bottom&quot;:&quot;pyramids&quot;,&quot;shape_divider_bottom_negative&quot;:&quot;yes&quot;}\">\n\t\t\t\t\t\t\t<div class=\"elementor-background-overlay\"><\/div>\n\t\t\t\t\t\t<div class=\"elementor-shape elementor-shape-bottom\" aria-hidden=\"true\" data-negative=\"true\">\n\t\t\t<svg xmlns=\"http:\/\/www.w3.org\/2000\/svg\" viewBox=\"0 0 1000 100\" preserveAspectRatio=\"none\">\n\t<path class=\"elementor-shape-fill\" d=\"M761.9,40.6L643.1,24L333.9,93.8L0.1,1H0v99h1000V1\"\/>\n<\/svg>\t\t<\/div>\n\t\t\t\t\t<div class=\"elementor-container elementor-column-gap-default\">\n\t\t\t\t\t<div class=\"elementor-column elementor-col-100 elementor-top-column elementor-element elementor-element-16e8cfb4\" data-id=\"16e8cfb4\" data-element_type=\"column\" data-e-type=\"column\" data-settings=\"{&quot;background_background&quot;:&quot;classic&quot;}\">\n\t\t\t<div class=\"elementor-widget-wrap elementor-element-populated\">\n\t\t\t\t\t\t\t<\/div>\n\t\t<\/div>\n\t\t\t\t\t<\/div>\n\t\t<\/section>\n\t\t\t\t<section class=\"elementor-section elementor-top-section elementor-element elementor-element-6af3b322 elementor-section-content-middle elementor-section-boxed elementor-section-height-default elementor-section-height-default\" data-id=\"6af3b322\" data-element_type=\"section\" data-e-type=\"section\">\n\t\t\t\t\t\t<div class=\"elementor-container elementor-column-gap-default\">\n\t\t\t\t\t<div class=\"elementor-column elementor-col-100 elementor-top-column elementor-element elementor-element-3879ca5f\" data-id=\"3879ca5f\" data-element_type=\"column\" data-e-type=\"column\">\n\t\t\t<div class=\"elementor-widget-wrap elementor-element-populated\">\n\t\t\t\t\t\t<div class=\"elementor-element elementor-element-35fad26 elementor-widget elementor-widget-text-editor\" data-id=\"35fad26\" data-element_type=\"widget\" data-e-type=\"widget\" data-widget_type=\"text-editor.default\">\n\t\t\t\t<div class=\"elementor-widget-container\">\n\t\t\t\t\t\t\t\t\t<div>Las cookies son unos peque\u00f1os archivos de texto que se instalan los equipos desde los que se accede a nuestro sitio web. Pueden guardar la identificaci\u00f3n del usuario que visita la web y los sitios por los que navega. Cuando el usuario (usted en este caso) nos vuelve a visitar se leen las cookies para identificarlo y restablecer sus preferencias y configuraci\u00f3n de navegaci\u00f3n. Si un usuario no autoriza el uso de las cookies algunos servicios o funcionalidades del sitio web podr\u00edan no estar disponibles.<\/div><div>\u00a0<\/div><div>Queremos que este sitio ofrezca un buen servicio y que sea f\u00e1cil de usar. En este sentido utilizamos cookies de Google Analytics. Esto nos permite:<\/div><div>\u00a0<\/div><ul><li>Analizar estad\u00edsticamente la informaci\u00f3n a la que acceden los usuarios de nuestro sitio. Los datos recopilados pueden incluir la actividad del navegador del usuario cuando nos visita, la ruta que siguen los usuarios en nuestro sitio, informaci\u00f3n del proveedor de servicios de Internet del visitante, el n\u00famero de veces que los usuarios acceden al sitio y el comportamiento de los usuarios en nuestro sitio (p\u00e1ginas que ha visitado, formularios que se han completado y similares).<\/li><li>Identificar los usuarios que nos visitan desde la invitaci\u00f3n de un sitio web asociado o de un enlace patrocinado.<\/li><\/ul><div>Puede obtener m\u00e1s informaci\u00f3n sobre Google Analytics a\u00a0<a href=\"http:\/\/www.google.com\/analytics\/\" target=\"_blank\" rel=\"noopener\" data-saferedirecturl=\"https:\/\/www.google.com\/url?q=http:\/\/www.google.com\/analytics\/&amp;source=gmail&amp;ust=1691666109946000&amp;usg=AOvVaw3B_JM_SrRSHTnyLAtUOyHF\">www.google.com\/analytics\/<\/a>. Para controlar la recopilaci\u00f3n de datos con fines anal\u00edticos por parte de Google Analytics, puede ir a\u00a0<a href=\"https:\/\/tools.google.com\/dlpage\/gaoptout?hl=en\" target=\"_blank\" rel=\"noopener\" data-saferedirecturl=\"https:\/\/www.google.com\/url?q=https:\/\/tools.google.com\/dlpage\/gaoptout?hl%3Den&amp;source=gmail&amp;ust=1691666109946000&amp;usg=AOvVaw2rNUFHXcWBDvQiWTYcxvJ1\">https:\/\/tools.google.com\/<wbr \/>dlpage\/gaoptout?hl=en<\/a><\/div><div>\u00a0<\/div><div>Usted puede revocar el consentimiento a la utilizaci\u00f3n de cookies elimin\u00e1ndolas por medio de las opciones que le ofrece su navegador.<\/div><div>\u00a0<\/div><div>Si desea recibir informaci\u00f3n adicional sobre la actividad de las empresas de publicidad en Internet y sobre c\u00f3mo eliminar sus datos de los registros de estas empresas, le recomendamos la visita de\u00a0<a href=\"http:\/\/www.networkadvertising.org\/\" target=\"_blank\" rel=\"noopener\" data-saferedirecturl=\"https:\/\/www.google.com\/url?q=http:\/\/www.networkadvertising.org\/&amp;source=gmail&amp;ust=1691666109947000&amp;usg=AOvVaw2sru731E6a_hmOo-oXNiM4\">www.networkadvertising.org<\/a>.<\/div><div>\u00a0<\/div><div>Usted puede configurar su navegador para que le informe previamente de la posible instalaci\u00f3n de cookies. Tambi\u00e9n podr\u00e1 optar para que se supriman autom\u00e1ticamente una vez se cierre el navegador, equipo o dispositivo. Puede encontrar informaci\u00f3n sobre c\u00f3mo hacerlo en:<\/div><div>\u00a0<\/div><div>\u00a0<\/div><div>\u00a0<\/div><div>\u2013 Para Firefox, a\u00a0<a href=\"http:\/\/support.mozilla.org\/ca\/kb\/Galetes\" target=\"_blank\" rel=\"noopener\" data-saferedirecturl=\"https:\/\/www.google.com\/url?q=http:\/\/support.mozilla.org\/ca\/kb\/Galetes&amp;source=gmail&amp;ust=1691666109947000&amp;usg=AOvVaw11KCwrRpb74Bbxc-H9rVtl\">http:\/\/support.mozilla.org\/<wbr \/>ca\/kb\/Galetes<\/a>.<\/div><div>\u00a0<\/div><div>\u2013 Para Chrome, a\u00a0<a href=\"http:\/\/support.google.com\/chrome\/bin\/answer.py?hl=es&amp;answer=95647\" target=\"_blank\" rel=\"noopener\" data-saferedirecturl=\"https:\/\/www.google.com\/url?q=http:\/\/support.google.com\/chrome\/bin\/answer.py?hl%3Des%26answer%3D95647&amp;source=gmail&amp;ust=1691666109947000&amp;usg=AOvVaw225j-sP1UW7BS7v9XRs68B\">http:\/\/support.google.com\/<wbr \/>chrome\/bin\/answer.py?hl=es&amp;<wbr \/>answer=95647<\/a>.<\/div><div>\u00a0<\/div><div>\u2013 Para Explorer, a\u00a0<a href=\"http:\/\/windows.microsoft.com\/es-es\/windows7\/how-to-manage-cookies-in-internet-explorer-9\" target=\"_blank\" rel=\"noopener\" data-saferedirecturl=\"https:\/\/www.google.com\/url?q=http:\/\/windows.microsoft.com\/es-es\/windows7\/how-to-manage-cookies-in-internet-explorer-9&amp;source=gmail&amp;ust=1691666109947000&amp;usg=AOvVaw1zIpE-QgRgEPzWJ0VtfwkR\">http:\/\/windows.microsoft.<wbr \/>com\/es-es\/windows7\/how-to-<wbr \/>manage-cookies-in-internet-<wbr \/>explorer-9<\/a>.<\/div><div>\u00a0<\/div><div>\u2013 Para Safari, a\u00a0<a href=\"http:\/\/support.apple.com\/kb\/ph5042\" target=\"_blank\" rel=\"noopener\" data-saferedirecturl=\"https:\/\/www.google.com\/url?q=http:\/\/support.apple.com\/kb\/ph5042&amp;source=gmail&amp;ust=1691666109947000&amp;usg=AOvVaw3399zvg84120_CywiIL6Cj\">http:\/\/support.apple.com\/kb\/<wbr \/>ph5042<\/a>.<\/div><div>\u00a0<\/div><div>\u2013 Para Safari para IOS, a\u00a0<a href=\"http:\/\/support.apple.com\/kb\/HT1677?viewlocale=es_ES&amp;locale=es_ES\" target=\"_blank\" rel=\"noopener\" data-saferedirecturl=\"https:\/\/www.google.com\/url?q=http:\/\/support.apple.com\/kb\/HT1677?viewlocale%3Des_ES%26locale%3Des_ES&amp;source=gmail&amp;ust=1691666109947000&amp;usg=AOvVaw26GMt1dmP_qOHwtEv3uQRE\">http:\/\/support.apple.com\/kb\/<wbr \/>HT1677?viewlocale=es_ES&amp;<wbr \/>locale=es_ES<\/a><\/div><div>\u00a0<\/div><div>\u2013 Para Opera, a\u00a0<a href=\"http:\/\/help.opera.com\/Windows\/11.50\/es-ES\/cookies.html\" target=\"_blank\" rel=\"noopener\" data-saferedirecturl=\"https:\/\/www.google.com\/url?q=http:\/\/help.opera.com\/Windows\/11.50\/es-ES\/cookies.html&amp;source=gmail&amp;ust=1691666109947000&amp;usg=AOvVaw37GdbWk_yKdFIGssVZu_zk\">http:\/\/help.opera.com\/<wbr \/>Windows\/11.50\/es-ES\/cookies.<wbr \/>html<\/a><\/div>\t\t\t\t\t\t\t\t<\/div>\n\t\t\t\t<\/div>\n\t\t\t\t\t<\/div>\n\t\t<\/div>\n\t\t\t\t\t<\/div>\n\t\t<\/section>\n\t\t\t\t<\/div>\n\t\t","protected":false},"excerpt":{"rendered":"<p>Las cookies son unos peque\u00f1os archivos de texto que se instalan los equipos desde los que se accede a nuestro sitio web. Pueden guardar la identificaci\u00f3n del usuario que visita la web y los sitios por los que navega. Cuando el usuario (usted en este caso) nos vuelve a visitar se leen las cookies para&hellip;&nbsp;<\/p>","protected":false},"author":1,"featured_media":0,"parent":0,"menu_order":0,"comment_status":"closed","ping_status":"closed","template":"page-templates\/template-pagebuilder-full-width.php","meta":{"neve_meta_sidebar":"","neve_meta_container":"","neve_meta_enable_content_width":"off","neve_meta_content_width":100,"neve_meta_title_alignment":"","neve_meta_author_avatar":"","neve_post_elements_order":"","neve_meta_disable_header":"","neve_meta_disable_footer":"","neve_meta_disable_title":"","footnotes":""},"class_list":["post-237","page","type-page","status-publish","hentry"],"yoast_head":"<!-- This site is optimized with the Yoast SEO plugin v27.1.1 - https:\/\/yoast.com\/product\/yoast-seo-wordpress\/ -->\n<title>Pol\u00edtica de cookies - Hors Cat\u00e9gorie | Cafeter\u00eda de comida sana, caf\u00e9 y ciclismo en Girona<\/title>\n<meta name=\"robots\" content=\"index, follow, max-snippet:-1, max-image-preview:large, max-video-preview:-1\" \/>\n<link rel=\"canonical\" href=\"https:\/\/www.horscategoriegirona.cc\/en\/politica-de-cookies\/\" \/>\n<meta property=\"og:locale\" content=\"en_GB\" \/>\n<meta property=\"og:type\" content=\"article\" \/>\n<meta property=\"og:title\" content=\"Pol\u00edtica de cookies - Hors Cat\u00e9gorie | Cafeter\u00eda de comida sana, caf\u00e9 y ciclismo en Girona\" \/>\n<meta property=\"og:description\" content=\"Las cookies son unos peque\u00f1os archivos de texto que se instalan los equipos desde los que se accede a nuestro sitio web. Pueden guardar la identificaci\u00f3n del usuario que visita la web y los sitios por los que navega. Cuando el usuario (usted en este caso) nos vuelve a visitar se leen las cookies para&hellip;&nbsp;\" \/>\n<meta property=\"og:url\" content=\"https:\/\/www.horscategoriegirona.cc\/en\/politica-de-cookies\/\" \/>\n<meta property=\"og:site_name\" content=\"Hors Cat\u00e9gorie | Cafeter\u00eda de comida sana, caf\u00e9 y ciclismo en Girona\" \/>\n<meta property=\"article:modified_time\" content=\"2023-08-11T12:18:14+00:00\" \/>\n<meta name=\"twitter:card\" content=\"summary_large_image\" \/>\n<meta name=\"twitter:label1\" content=\"Estimated reading time\" \/>\n\t<meta name=\"twitter:data1\" content=\"2 minutes\" \/>\n<script type=\"application\/ld+json\" class=\"yoast-schema-graph\">{\"@context\":\"https:\/\/schema.org\",\"@graph\":[{\"@type\":\"WebPage\",\"@id\":\"https:\/\/www.horscategoriegirona.cc\/politica-de-cookies\/\",\"url\":\"https:\/\/www.horscategoriegirona.cc\/politica-de-cookies\/\",\"name\":\"Pol\u00edtica de cookies - Hors Cat\u00e9gorie | Cafeter\u00eda de comida sana, caf\u00e9 y ciclismo en Girona\",\"isPartOf\":{\"@id\":\"https:\/\/www.horscategoriegirona.cc\/#website\"},\"datePublished\":\"2023-08-07T11:12:56+00:00\",\"dateModified\":\"2023-08-11T12:18:14+00:00\",\"breadcrumb\":{\"@id\":\"https:\/\/www.horscategoriegirona.cc\/politica-de-cookies\/#breadcrumb\"},\"inLanguage\":\"en-GB\",\"potentialAction\":[{\"@type\":\"ReadAction\",\"target\":[\"https:\/\/www.horscategoriegirona.cc\/politica-de-cookies\/\"]}]},{\"@type\":\"BreadcrumbList\",\"@id\":\"https:\/\/www.horscategoriegirona.cc\/politica-de-cookies\/#breadcrumb\",\"itemListElement\":[{\"@type\":\"ListItem\",\"position\":1,\"name\":\"Portada\",\"item\":\"https:\/\/www.horscategoriegirona.cc\/\"},{\"@type\":\"ListItem\",\"position\":2,\"name\":\"Pol\u00edtica de cookies\"}]},{\"@type\":\"WebSite\",\"@id\":\"https:\/\/www.horscategoriegirona.cc\/#website\",\"url\":\"https:\/\/www.horscategoriegirona.cc\/\",\"name\":\"Hors Cat\u00e9gorie | Cafeter\u00eda de comida sana, caf\u00e9 y ciclismo en Girona\",\"description\":\"Hors Cat\u00e9gorie es la cafeter\u00eda de Girona con los mejores platos de comida saludable, caf\u00e9 de especialidad, cerveza artesanal y complementos de ciclismo.\",\"potentialAction\":[{\"@type\":\"SearchAction\",\"target\":{\"@type\":\"EntryPoint\",\"urlTemplate\":\"https:\/\/www.horscategoriegirona.cc\/?s={search_term_string}\"},\"query-input\":{\"@type\":\"PropertyValueSpecification\",\"valueRequired\":true,\"valueName\":\"search_term_string\"}}],\"inLanguage\":\"en-GB\"}]}<\/script>\n<!-- \/ Yoast SEO plugin. -->","yoast_head_json":{"title":"Pol\u00edtica de cookies - Hors Cat\u00e9gorie | Cafeter\u00eda de comida sana, caf\u00e9 y ciclismo en Girona","robots":{"index":"index","follow":"follow","max-snippet":"max-snippet:-1","max-image-preview":"max-image-preview:large","max-video-preview":"max-video-preview:-1"},"canonical":"https:\/\/www.horscategoriegirona.cc\/en\/politica-de-cookies\/","og_locale":"en_GB","og_type":"article","og_title":"Pol\u00edtica de cookies - Hors Cat\u00e9gorie | Cafeter\u00eda de comida sana, caf\u00e9 y ciclismo en Girona","og_description":"Las cookies son unos peque\u00f1os archivos de texto que se instalan los equipos desde los que se accede a nuestro sitio web. Pueden guardar la identificaci\u00f3n del usuario que visita la web y los sitios por los que navega. Cuando el usuario (usted en este caso) nos vuelve a visitar se leen las cookies para&hellip;&nbsp;","og_url":"https:\/\/www.horscategoriegirona.cc\/en\/politica-de-cookies\/","og_site_name":"Hors Cat\u00e9gorie | Cafeter\u00eda de comida sana, caf\u00e9 y ciclismo en Girona","article_modified_time":"2023-08-11T12:18:14+00:00","twitter_card":"summary_large_image","twitter_misc":{"Estimated reading time":"2 minutes"},"schema":{"@context":"https:\/\/schema.org","@graph":[{"@type":"WebPage","@id":"https:\/\/www.horscategoriegirona.cc\/politica-de-cookies\/","url":"https:\/\/www.horscategoriegirona.cc\/politica-de-cookies\/","name":"Pol\u00edtica de cookies - Hors Cat\u00e9gorie | Cafeter\u00eda de comida sana, caf\u00e9 y ciclismo en Girona","isPartOf":{"@id":"https:\/\/www.horscategoriegirona.cc\/#website"},"datePublished":"2023-08-07T11:12:56+00:00","dateModified":"2023-08-11T12:18:14+00:00","breadcrumb":{"@id":"https:\/\/www.horscategoriegirona.cc\/politica-de-cookies\/#breadcrumb"},"inLanguage":"en-GB","potentialAction":[{"@type":"ReadAction","target":["https:\/\/www.horscategoriegirona.cc\/politica-de-cookies\/"]}]},{"@type":"BreadcrumbList","@id":"https:\/\/www.horscategoriegirona.cc\/politica-de-cookies\/#breadcrumb","itemListElement":[{"@type":"ListItem","position":1,"name":"Portada","item":"https:\/\/www.horscategoriegirona.cc\/"},{"@type":"ListItem","position":2,"name":"Pol\u00edtica de cookies"}]},{"@type":"WebSite","@id":"https:\/\/www.horscategoriegirona.cc\/#website","url":"https:\/\/www.horscategoriegirona.cc\/","name":"Hors Cat\u00e9gorie | Cafeter\u00eda de comida sana, caf\u00e9 y ciclismo en Girona","description":"Hors Cat\u00e9gorie es la cafeter\u00eda de Girona con los mejores platos de comida saludable, caf\u00e9 de especialidad, cerveza artesanal y complementos de ciclismo.","potentialAction":[{"@type":"SearchAction","target":{"@type":"EntryPoint","urlTemplate":"https:\/\/www.horscategoriegirona.cc\/?s={search_term_string}"},"query-input":{"@type":"PropertyValueSpecification","valueRequired":true,"valueName":"search_term_string"}}],"inLanguage":"en-GB"}]}},"_links":{"self":[{"href":"https:\/\/www.horscategoriegirona.cc\/en\/wp-json\/wp\/v2\/pages\/237","targetHints":{"allow":["GET"]}}],"collection":[{"href":"https:\/\/www.horscategoriegirona.cc\/en\/wp-json\/wp\/v2\/pages"}],"about":[{"href":"https:\/\/www.horscategoriegirona.cc\/en\/wp-json\/wp\/v2\/types\/page"}],"author":[{"embeddable":true,"href":"https:\/\/www.horscategoriegirona.cc\/en\/wp-json\/wp\/v2\/users\/1"}],"replies":[{"embeddable":true,"href":"https:\/\/www.horscategoriegirona.cc\/en\/wp-json\/wp\/v2\/comments?post=237"}],"version-history":[{"count":10,"href":"https:\/\/www.horscategoriegirona.cc\/en\/wp-json\/wp\/v2\/pages\/237\/revisions"}],"predecessor-version":[{"id":428,"href":"https:\/\/www.horscategoriegirona.cc\/en\/wp-json\/wp\/v2\/pages\/237\/revisions\/428"}],"wp:attachment":[{"href":"https:\/\/www.horscategoriegirona.cc\/en\/wp-json\/wp\/v2\/media?parent=237"}],"curies":[{"name":"wp","href":"https:\/\/api.w.org\/{rel}","templated":true}]}}