{"id":245,"date":"2023-08-07T11:16:11","date_gmt":"2023-08-07T11:16:11","guid":{"rendered":"https:\/\/www.horscategoriegirona.cc\/?page_id=245"},"modified":"2023-08-11T12:17:43","modified_gmt":"2023-08-11T12:17:43","slug":"mapa-del-sitio","status":"publish","type":"page","link":"https:\/\/www.horscategoriegirona.cc\/en\/mapa-del-sitio\/","title":{"rendered":"Mapa del sitio"},"content":{"rendered":"<style>.elementor-245 .elementor-element.elementor-element-290c6d5b > .elementor-container{max-width:1290px;}.elementor-245 .elementor-element.elementor-element-290c6d5b:not(.elementor-motion-effects-element-type-background), .elementor-245 .elementor-element.elementor-element-290c6d5b > .elementor-motion-effects-container > .elementor-motion-effects-layer{background-image:url(\"https:\/\/www.horscategoriegirona.cc\/wp-content\/uploads\/2023\/08\/2019-05-16-HorsC-380_ok.jpg\");background-position:bottom center;background-repeat:no-repeat;background-size:cover;}.elementor-245 .elementor-element.elementor-element-290c6d5b > .elementor-background-overlay{background-color:transparent;background-image:linear-gradient(90deg, #1B252F8F 53%, #1B252FF7 53%);opacity:1;transition:background 0.3s, border-radius 0.3s, opacity 0.3s;}.elementor-245 .elementor-element.elementor-element-290c6d5b{transition:background 0.3s, border 0.3s, border-radius 0.3s, box-shadow 0.3s;padding:300px 0px 200px 0px;}.elementor-245 .elementor-element.elementor-element-290c6d5b > .elementor-shape-bottom svg{width:calc(120% + 1.3px);height:120px;transform:translateX(-50%) rotateY(180deg);}.elementor-245 .elementor-element.elementor-element-16e8cfb4 > .elementor-element-populated{transition:background 0.3s, border 0.3s, border-radius 0.3s, box-shadow 0.3s;}.elementor-245 .elementor-element.elementor-element-16e8cfb4 > .elementor-element-populated > .elementor-background-overlay{transition:background 0.3s, border-radius 0.3s, opacity 0.3s;}.elementor-245 .elementor-element.elementor-element-78fc76ba{text-align:end;}.elementor-245 .elementor-element.elementor-element-78fc76ba .elementor-heading-title{font-family:\"Archivo Black\", Sans-serif;font-size:56px;font-weight:400;text-transform:uppercase;font-style:italic;line-height:1em;color:#FFFFFF;}.elementor-245 .elementor-element.elementor-element-6af3b322 > .elementor-container{max-width:1290px;}.elementor-245 .elementor-element.elementor-element-6af3b322 > .elementor-container > .elementor-column > .elementor-widget-wrap{align-content:center;align-items:center;}.elementor-245 .elementor-element.elementor-element-6af3b322{padding:120px 0px 120px 0px;}.elementor-bc-flex-widget .elementor-245 .elementor-element.elementor-element-3879ca5f.elementor-column .elementor-widget-wrap{align-items:center;}.elementor-245 .elementor-element.elementor-element-3879ca5f.elementor-column.elementor-element[data-element_type=\"column\"] > .elementor-widget-wrap.elementor-element-populated{align-content:center;align-items:center;}.elementor-245 .elementor-element.elementor-element-3879ca5f > .elementor-element-populated{margin:0px 0px 0px 60px;--e-column-margin-right:0px;--e-column-margin-left:60px;}.elementor-245 .elementor-element.elementor-element-4b69a26 .elementor-sitemap-section{flex-basis:calc( 1 \/ 4 * 100% );}.elementor-245 .elementor-element.elementor-element-4b69a26 .elementor-sitemap-title{font-size:30px;}.elementor-245 .elementor-element.elementor-element-4b69a26 .elementor-sitemap-list, .elementor-245 .elementor-element.elementor-element-4b69a26 .elementor-sitemap-list .children{list-style-type:disc;}@media(max-width:1024px) and (min-width:768px){.elementor-245 .elementor-element.elementor-element-3879ca5f{width:100%;}}@media(max-width:1024px){.elementor-245 .elementor-element.elementor-element-290c6d5b > .elementor-shape-bottom svg{width:calc(150% + 1.3px);height:120px;}.elementor-245 .elementor-element.elementor-element-290c6d5b{padding:270px 10px 150px 10px;}.elementor-245 .elementor-element.elementor-element-78fc76ba .elementor-heading-title{font-size:46px;}.elementor-245 .elementor-element.elementor-element-6af3b322{padding:80px 10px 80px 10px;}.elementor-245 .elementor-element.elementor-element-3879ca5f > .elementor-element-populated{margin:40px 1px 0px 0px;--e-column-margin-right:1px;--e-column-margin-left:0px;}.elementor-245 .elementor-element.elementor-element-4b69a26 .elementor-sitemap-section{flex-basis:calc( 1 \/ 2 * 100% );}}@media(max-width:767px){.elementor-245 .elementor-element.elementor-element-290c6d5b:not(.elementor-motion-effects-element-type-background), .elementor-245 .elementor-element.elementor-element-290c6d5b > .elementor-motion-effects-container > .elementor-motion-effects-layer{background-position:center center;}.elementor-245 .elementor-element.elementor-element-290c6d5b > .elementor-shape-bottom svg{height:100px;}.elementor-245 .elementor-element.elementor-element-290c6d5b{padding:200px 5px 150px 5px;}.elementor-245 .elementor-element.elementor-element-78fc76ba{text-align:center;}.elementor-245 .elementor-element.elementor-element-78fc76ba .elementor-heading-title{font-size:30px;}.elementor-245 .elementor-element.elementor-element-6af3b322{padding:50px 20px 50px 20px;}.elementor-245 .elementor-element.elementor-element-3879ca5f > .elementor-element-populated{margin:0px 0px 0px 0px;--e-column-margin-right:0px;--e-column-margin-left:0px;}.elementor-245 .elementor-element.elementor-element-4b69a26 .elementor-sitemap-section{flex-basis:calc( 1 \/ 1 * 100% );}}<\/style>\t\t<div data-elementor-type=\"wp-page\" data-elementor-id=\"245\" class=\"elementor elementor-245\" data-elementor-post-type=\"page\">\n\t\t\t\t\t\t<section class=\"elementor-section elementor-top-section elementor-element elementor-element-290c6d5b elementor-reverse-tablet elementor-reverse-mobile elementor-section-boxed elementor-section-height-default elementor-section-height-default\" data-id=\"290c6d5b\" data-element_type=\"section\" data-e-type=\"section\" data-settings=\"{&quot;background_background&quot;:&quot;classic&quot;,&quot;shape_divider_bottom&quot;:&quot;pyramids&quot;,&quot;shape_divider_bottom_negative&quot;:&quot;yes&quot;}\">\n\t\t\t\t\t\t\t<div class=\"elementor-background-overlay\"><\/div>\n\t\t\t\t\t\t<div class=\"elementor-shape elementor-shape-bottom\" aria-hidden=\"true\" data-negative=\"true\">\n\t\t\t<svg xmlns=\"http:\/\/www.w3.org\/2000\/svg\" viewBox=\"0 0 1000 100\" preserveAspectRatio=\"none\">\n\t<path class=\"elementor-shape-fill\" d=\"M761.9,40.6L643.1,24L333.9,93.8L0.1,1H0v99h1000V1\"\/>\n<\/svg>\t\t<\/div>\n\t\t\t\t\t<div class=\"elementor-container elementor-column-gap-default\">\n\t\t\t\t\t<div class=\"elementor-column elementor-col-100 elementor-top-column elementor-element elementor-element-16e8cfb4\" data-id=\"16e8cfb4\" data-element_type=\"column\" data-e-type=\"column\" data-settings=\"{&quot;background_background&quot;:&quot;classic&quot;}\">\n\t\t\t<div class=\"elementor-widget-wrap elementor-element-populated\">\n\t\t\t\t\t\t\t<\/div>\n\t\t<\/div>\n\t\t\t\t\t<\/div>\n\t\t<\/section>\n\t\t\t\t<section class=\"elementor-section elementor-top-section elementor-element elementor-element-6af3b322 elementor-section-content-middle elementor-section-boxed elementor-section-height-default elementor-section-height-default\" data-id=\"6af3b322\" data-element_type=\"section\" data-e-type=\"section\">\n\t\t\t\t\t\t<div class=\"elementor-container elementor-column-gap-default\">\n\t\t\t\t\t<div class=\"elementor-column elementor-col-100 elementor-top-column elementor-element elementor-element-3879ca5f\" data-id=\"3879ca5f\" data-element_type=\"column\" data-e-type=\"column\">\n\t\t\t<div class=\"elementor-widget-wrap elementor-element-populated\">\n\t\t\t\t\t\t<div class=\"elementor-element elementor-element-4b69a26 elementor-widget elementor-widget-sitemap\" data-id=\"4b69a26\" data-element_type=\"widget\" data-e-type=\"widget\" data-widget_type=\"sitemap.default\">\n\t\t\t\t<div class=\"elementor-widget-container\">\n\t\t\t\t\t<div class=\"elementor-sitemap-wrap\"><div class=\"elementor-sitemap-section\"><h4 class=\"elementor-sitemap-title elementor-sitemap-page-title\">P\u00e1ginas<\/h4><ul class=\"elementor-sitemap-list elementor-sitemap-page-list\"><li class=\"elementor-sitemap-item elementor-sitemap-item-page page_item page-item-697\"><a href=\"https:\/\/www.horscategoriegirona.cc\/en\/blog\/\">Blog<\/a><\/li><li class=\"elementor-sitemap-item elementor-sitemap-item-page page_item page-item-606\"><a href=\"https:\/\/www.horscategoriegirona.cc\/en\/sin-gluten\/\">Sin Gluten<\/a><\/li><li class=\"elementor-sitemap-item elementor-sitemap-item-page page_item page-item-604\"><a href=\"https:\/\/www.horscategoriegirona.cc\/en\/smashburgers\/\">Smashburgers<\/a><\/li><li class=\"elementor-sitemap-item elementor-sitemap-item-page page_item page-item-605\"><a href=\"https:\/\/www.horscategoriegirona.cc\/en\/strava\/\">Strava<\/a><\/li><li class=\"elementor-sitemap-item elementor-sitemap-item-page page_item page-item-603\"><a href=\"https:\/\/www.horscategoriegirona.cc\/en\/vegana\/\">Vegana<\/a><\/li><li class=\"elementor-sitemap-item elementor-sitemap-item-page page_item page-item-586\"><a href=\"https:\/\/www.horscategoriegirona.cc\/en\/restaurant-girona\/\">Restaurant Girona<\/a><\/li><li class=\"elementor-sitemap-item elementor-sitemap-item-page page_item page-item-583\"><a href=\"https:\/\/www.horscategoriegirona.cc\/en\/restaurantes-en-girona\/\">Restaurantes en Girona<\/a><\/li><li class=\"elementor-sitemap-item elementor-sitemap-item-page page_item page-item-584\"><a href=\"https:\/\/www.horscategoriegirona.cc\/en\/restaurantes-girona\/\">Restaurantes Girona<\/a><\/li><li class=\"elementor-sitemap-item elementor-sitemap-item-page page_item page-item-585\"><a href=\"https:\/\/www.horscategoriegirona.cc\/en\/restaurantes-sin-gluten\/\">Restaurantes sin gluten<\/a><\/li><li class=\"elementor-sitemap-item elementor-sitemap-item-page page_item page-item-566\"><a href=\"https:\/\/www.horscategoriegirona.cc\/en\/craft-beer\/\">Craft beer<\/a><\/li><li class=\"elementor-sitemap-item elementor-sitemap-item-page page_item page-item-564\"><a href=\"https:\/\/www.horscategoriegirona.cc\/en\/gravel-bike\/\">Gravel bike<\/a><\/li><li class=\"elementor-sitemap-item elementor-sitemap-item-page page_item page-item-565\"><a href=\"https:\/\/www.horscategoriegirona.cc\/en\/gravel-girona\/\">Gravel girona<\/a><\/li><li class=\"elementor-sitemap-item elementor-sitemap-item-page page_item page-item-452\"><a href=\"https:\/\/www.horscategoriegirona.cc\/en\/gravel\/\">Gravel<\/a><\/li><li class=\"elementor-sitemap-item elementor-sitemap-item-page page_item page-item-451\"><a href=\"https:\/\/www.horscategoriegirona.cc\/en\/ciclismo-en-girona\/\">Ciclismo en Girona<\/a><\/li><li class=\"elementor-sitemap-item elementor-sitemap-item-page page_item page-item-450\"><a href=\"https:\/\/www.horscategoriegirona.cc\/en\/coffee-shop\/\">Coffee Shop<\/a><\/li><li class=\"elementor-sitemap-item elementor-sitemap-item-page page_item page-item-449\"><a href=\"https:\/\/www.horscategoriegirona.cc\/en\/comida-saludable\/\">Comida saludable<\/a><\/li><li class=\"elementor-sitemap-item elementor-sitemap-item-page page_item page-item-448\"><a href=\"https:\/\/www.horscategoriegirona.cc\/en\/comida-vegana\/\">Comida vegana<\/a><\/li><li class=\"elementor-sitemap-item elementor-sitemap-item-page page_item page-item-447\"><a href=\"https:\/\/www.horscategoriegirona.cc\/en\/bicicleta-gravel\/\">Bicicleta gravel<\/a><\/li><li class=\"elementor-sitemap-item elementor-sitemap-item-page page_item page-item-446\"><a href=\"https:\/\/www.horscategoriegirona.cc\/en\/brunch-en-girona\/\">Brunch en Girona<\/a><\/li><li class=\"elementor-sitemap-item elementor-sitemap-item-page page_item page-item-445\"><a href=\"https:\/\/www.horscategoriegirona.cc\/en\/cafe-de-especialidad\/\">Caf\u00e9 de Especialidad<\/a><\/li><li class=\"elementor-sitemap-item elementor-sitemap-item-page page_item page-item-444\"><a href=\"https:\/\/www.horscategoriegirona.cc\/en\/ciclismo-en-directo\/\">Ciclismo en directo<\/a><\/li><li class=\"elementor-sitemap-item elementor-sitemap-item-page page_item page-item-487\"><a href=\"https:\/\/www.horscategoriegirona.cc\/en\/declaracion-de-accesibilidad\/\">Declaraci\u00f3n de accesibilidad<\/a><\/li><li class=\"elementor-sitemap-item elementor-sitemap-item-page page_item page-item-245\"><a href=\"https:\/\/www.horscategoriegirona.cc\/en\/mapa-del-sitio\/\">Mapa del sitio<\/a><\/li><li class=\"elementor-sitemap-item elementor-sitemap-item-page page_item page-item-241\"><a href=\"https:\/\/www.horscategoriegirona.cc\/en\/terminos-y-condiciones\/\">T\u00e9rminos y condiciones<\/a><\/li><li class=\"elementor-sitemap-item elementor-sitemap-item-page page_item page-item-239\"><a href=\"https:\/\/www.horscategoriegirona.cc\/en\/politica-de-privacidad\/\">Pol\u00edtica de privacidad<\/a><\/li><li class=\"elementor-sitemap-item elementor-sitemap-item-page page_item page-item-237\"><a href=\"https:\/\/www.horscategoriegirona.cc\/en\/politica-de-cookies\/\">Pol\u00edtica de cookies<\/a><\/li><li class=\"elementor-sitemap-item elementor-sitemap-item-page page_item page-item-232\"><a href=\"https:\/\/www.horscategoriegirona.cc\/en\/aviso-legal\/\">Aviso legal<\/a><\/li><li class=\"elementor-sitemap-item elementor-sitemap-item-page page_item page-item-172\"><a href=\"https:\/\/www.horscategoriegirona.cc\/en\/carta\/\">Carta<\/a><\/li><li class=\"elementor-sitemap-item elementor-sitemap-item-page page_item page-item-157\"><a href=\"https:\/\/www.horscategoriegirona.cc\/en\/contacto\/\">Contacto<\/a><\/li><li class=\"elementor-sitemap-item elementor-sitemap-item-page page_item page-item-127\"><a href=\"https:\/\/www.horscategoriegirona.cc\/en\/quienes-somos\/\">Qui\u00e9nes somos<\/a><\/li><li class=\"elementor-sitemap-item elementor-sitemap-item-page page_item page-item-32\"><a href=\"https:\/\/www.horscategoriegirona.cc\/en\/\">Inicio<\/a><\/li><\/ul><\/div><\/div>\t\t\t\t<\/div>\n\t\t\t\t<\/div>\n\t\t\t\t\t<\/div>\n\t\t<\/div>\n\t\t\t\t\t<\/div>\n\t\t<\/section>\n\t\t\t\t<\/div>\n\t\t","protected":false},"excerpt":{"rendered":"","protected":false},"author":1,"featured_media":0,"parent":0,"menu_order":0,"comment_status":"closed","ping_status":"closed","template":"page-templates\/template-pagebuilder-full-width.php","meta":{"neve_meta_sidebar":"","neve_meta_container":"","neve_meta_enable_content_width":"off","neve_meta_content_width":100,"neve_meta_title_alignment":"","neve_meta_author_avatar":"","neve_post_elements_order":"","neve_meta_disable_header":"","neve_meta_disable_footer":"","neve_meta_disable_title":"","footnotes":""},"class_list":["post-245","page","type-page","status-publish","hentry"],"yoast_head":"<!-- This site is optimized with the Yoast SEO plugin v27.1.1 - https:\/\/yoast.com\/product\/yoast-seo-wordpress\/ -->\n<title>Mapa del sitio - Hors Cat\u00e9gorie | Cafeter\u00eda de comida sana, caf\u00e9 y ciclismo en Girona<\/title>\n<meta name=\"robots\" content=\"index, follow, max-snippet:-1, max-image-preview:large, max-video-preview:-1\" \/>\n<link rel=\"canonical\" href=\"https:\/\/www.horscategoriegirona.cc\/en\/mapa-del-sitio\/\" \/>\n<meta property=\"og:locale\" content=\"en_GB\" \/>\n<meta property=\"og:type\" content=\"article\" \/>\n<meta property=\"og:title\" content=\"Mapa del sitio - Hors Cat\u00e9gorie | Cafeter\u00eda de comida sana, caf\u00e9 y ciclismo en Girona\" \/>\n<meta property=\"og:url\" content=\"https:\/\/www.horscategoriegirona.cc\/en\/mapa-del-sitio\/\" \/>\n<meta property=\"og:site_name\" content=\"Hors Cat\u00e9gorie | Cafeter\u00eda de comida sana, caf\u00e9 y ciclismo en Girona\" \/>\n<meta property=\"article:modified_time\" content=\"2023-08-11T12:17:43+00:00\" \/>\n<meta name=\"twitter:card\" content=\"summary_large_image\" \/>\n<script type=\"application\/ld+json\" class=\"yoast-schema-graph\">{\"@context\":\"https:\/\/schema.org\",\"@graph\":[{\"@type\":\"WebPage\",\"@id\":\"https:\/\/www.horscategoriegirona.cc\/mapa-del-sitio\/\",\"url\":\"https:\/\/www.horscategoriegirona.cc\/mapa-del-sitio\/\",\"name\":\"Mapa del sitio - Hors Cat\u00e9gorie | Cafeter\u00eda de comida sana, caf\u00e9 y ciclismo en Girona\",\"isPartOf\":{\"@id\":\"https:\/\/www.horscategoriegirona.cc\/#website\"},\"datePublished\":\"2023-08-07T11:16:11+00:00\",\"dateModified\":\"2023-08-11T12:17:43+00:00\",\"breadcrumb\":{\"@id\":\"https:\/\/www.horscategoriegirona.cc\/mapa-del-sitio\/#breadcrumb\"},\"inLanguage\":\"en-GB\",\"potentialAction\":[{\"@type\":\"ReadAction\",\"target\":[\"https:\/\/www.horscategoriegirona.cc\/mapa-del-sitio\/\"]}]},{\"@type\":\"BreadcrumbList\",\"@id\":\"https:\/\/www.horscategoriegirona.cc\/mapa-del-sitio\/#breadcrumb\",\"itemListElement\":[{\"@type\":\"ListItem\",\"position\":1,\"name\":\"Portada\",\"item\":\"https:\/\/www.horscategoriegirona.cc\/\"},{\"@type\":\"ListItem\",\"position\":2,\"name\":\"Mapa del sitio\"}]},{\"@type\":\"WebSite\",\"@id\":\"https:\/\/www.horscategoriegirona.cc\/#website\",\"url\":\"https:\/\/www.horscategoriegirona.cc\/\",\"name\":\"Hors Cat\u00e9gorie | Cafeter\u00eda de comida sana, caf\u00e9 y ciclismo en Girona\",\"description\":\"Hors Cat\u00e9gorie es la cafeter\u00eda de Girona con los mejores platos de comida saludable, caf\u00e9 de especialidad, cerveza artesanal y complementos de ciclismo.\",\"potentialAction\":[{\"@type\":\"SearchAction\",\"target\":{\"@type\":\"EntryPoint\",\"urlTemplate\":\"https:\/\/www.horscategoriegirona.cc\/?s={search_term_string}\"},\"query-input\":{\"@type\":\"PropertyValueSpecification\",\"valueRequired\":true,\"valueName\":\"search_term_string\"}}],\"inLanguage\":\"en-GB\"}]}<\/script>\n<!-- \/ Yoast SEO plugin. -->","yoast_head_json":{"title":"Mapa del sitio - Hors Cat\u00e9gorie | Cafeter\u00eda de comida sana, caf\u00e9 y ciclismo en Girona","robots":{"index":"index","follow":"follow","max-snippet":"max-snippet:-1","max-image-preview":"max-image-preview:large","max-video-preview":"max-video-preview:-1"},"canonical":"https:\/\/www.horscategoriegirona.cc\/en\/mapa-del-sitio\/","og_locale":"en_GB","og_type":"article","og_title":"Mapa del sitio - Hors Cat\u00e9gorie | Cafeter\u00eda de comida sana, caf\u00e9 y ciclismo en Girona","og_url":"https:\/\/www.horscategoriegirona.cc\/en\/mapa-del-sitio\/","og_site_name":"Hors Cat\u00e9gorie | Cafeter\u00eda de comida sana, caf\u00e9 y ciclismo en Girona","article_modified_time":"2023-08-11T12:17:43+00:00","twitter_card":"summary_large_image","schema":{"@context":"https:\/\/schema.org","@graph":[{"@type":"WebPage","@id":"https:\/\/www.horscategoriegirona.cc\/mapa-del-sitio\/","url":"https:\/\/www.horscategoriegirona.cc\/mapa-del-sitio\/","name":"Mapa del sitio - Hors Cat\u00e9gorie | Cafeter\u00eda de comida sana, caf\u00e9 y ciclismo en Girona","isPartOf":{"@id":"https:\/\/www.horscategoriegirona.cc\/#website"},"datePublished":"2023-08-07T11:16:11+00:00","dateModified":"2023-08-11T12:17:43+00:00","breadcrumb":{"@id":"https:\/\/www.horscategoriegirona.cc\/mapa-del-sitio\/#breadcrumb"},"inLanguage":"en-GB","potentialAction":[{"@type":"ReadAction","target":["https:\/\/www.horscategoriegirona.cc\/mapa-del-sitio\/"]}]},{"@type":"BreadcrumbList","@id":"https:\/\/www.horscategoriegirona.cc\/mapa-del-sitio\/#breadcrumb","itemListElement":[{"@type":"ListItem","position":1,"name":"Portada","item":"https:\/\/www.horscategoriegirona.cc\/"},{"@type":"ListItem","position":2,"name":"Mapa del sitio"}]},{"@type":"WebSite","@id":"https:\/\/www.horscategoriegirona.cc\/#website","url":"https:\/\/www.horscategoriegirona.cc\/","name":"Hors Cat\u00e9gorie | Cafeter\u00eda de comida sana, caf\u00e9 y ciclismo en Girona","description":"Hors Cat\u00e9gorie es la cafeter\u00eda de Girona con los mejores platos de comida saludable, caf\u00e9 de especialidad, cerveza artesanal y complementos de ciclismo.","potentialAction":[{"@type":"SearchAction","target":{"@type":"EntryPoint","urlTemplate":"https:\/\/www.horscategoriegirona.cc\/?s={search_term_string}"},"query-input":{"@type":"PropertyValueSpecification","valueRequired":true,"valueName":"search_term_string"}}],"inLanguage":"en-GB"}]}},"_links":{"self":[{"href":"https:\/\/www.horscategoriegirona.cc\/en\/wp-json\/wp\/v2\/pages\/245","targetHints":{"allow":["GET"]}}],"collection":[{"href":"https:\/\/www.horscategoriegirona.cc\/en\/wp-json\/wp\/v2\/pages"}],"about":[{"href":"https:\/\/www.horscategoriegirona.cc\/en\/wp-json\/wp\/v2\/types\/page"}],"author":[{"embeddable":true,"href":"https:\/\/www.horscategoriegirona.cc\/en\/wp-json\/wp\/v2\/users\/1"}],"replies":[{"embeddable":true,"href":"https:\/\/www.horscategoriegirona.cc\/en\/wp-json\/wp\/v2\/comments?post=245"}],"version-history":[{"count":16,"href":"https:\/\/www.horscategoriegirona.cc\/en\/wp-json\/wp\/v2\/pages\/245\/revisions"}],"predecessor-version":[{"id":425,"href":"https:\/\/www.horscategoriegirona.cc\/en\/wp-json\/wp\/v2\/pages\/245\/revisions\/425"}],"wp:attachment":[{"href":"https:\/\/www.horscategoriegirona.cc\/en\/wp-json\/wp\/v2\/media?parent=245"}],"curies":[{"name":"wp","href":"https:\/\/api.w.org\/{rel}","templated":true}]}}