{"id":487,"date":"2023-08-30T10:46:56","date_gmt":"2023-08-30T10:46:56","guid":{"rendered":"https:\/\/www.horscategoriegirona.cc\/?page_id=487"},"modified":"2023-08-30T10:56:03","modified_gmt":"2023-08-30T10:56:03","slug":"declaracion-de-accesibilidad","status":"publish","type":"page","link":"https:\/\/www.horscategoriegirona.cc\/en\/declaracion-de-accesibilidad\/","title":{"rendered":"Declaraci\u00f3n de accesibilidad"},"content":{"rendered":"<style>.elementor-487 .elementor-element.elementor-element-290c6d5b > .elementor-container{max-width:1290px;}.elementor-487 .elementor-element.elementor-element-290c6d5b:not(.elementor-motion-effects-element-type-background), .elementor-487 .elementor-element.elementor-element-290c6d5b > .elementor-motion-effects-container > .elementor-motion-effects-layer{background-image:url(\"https:\/\/www.horscategoriegirona.cc\/wp-content\/uploads\/2023\/08\/2019-05-16-HorsC-380_ok.jpg\");background-position:bottom center;background-repeat:no-repeat;background-size:cover;}.elementor-487 .elementor-element.elementor-element-290c6d5b > .elementor-background-overlay{background-color:transparent;background-image:linear-gradient(90deg, #1B252F8F 53%, #1B252FF7 53%);opacity:1;transition:background 0.3s, border-radius 0.3s, opacity 0.3s;}.elementor-487 .elementor-element.elementor-element-290c6d5b{transition:background 0.3s, border 0.3s, border-radius 0.3s, box-shadow 0.3s;padding:300px 0px 200px 0px;}.elementor-487 .elementor-element.elementor-element-290c6d5b > .elementor-shape-bottom svg{width:calc(120% + 1.3px);height:120px;transform:translateX(-50%) rotateY(180deg);}.elementor-487 .elementor-element.elementor-element-16e8cfb4 > .elementor-element-populated{transition:background 0.3s, border 0.3s, border-radius 0.3s, box-shadow 0.3s;}.elementor-487 .elementor-element.elementor-element-16e8cfb4 > .elementor-element-populated > .elementor-background-overlay{transition:background 0.3s, border-radius 0.3s, opacity 0.3s;}.elementor-487 .elementor-element.elementor-element-78fc76ba{text-align:end;}.elementor-487 .elementor-element.elementor-element-78fc76ba .elementor-heading-title{font-family:\"Archivo Black\", Sans-serif;font-size:56px;font-weight:400;text-transform:uppercase;font-style:italic;line-height:1em;color:#FFFFFF;}.elementor-487 .elementor-element.elementor-element-6af3b322 > .elementor-container{max-width:1290px;}.elementor-487 .elementor-element.elementor-element-6af3b322 > .elementor-container > .elementor-column > .elementor-widget-wrap{align-content:center;align-items:center;}.elementor-487 .elementor-element.elementor-element-6af3b322{padding:120px 0px 120px 0px;}.elementor-bc-flex-widget .elementor-487 .elementor-element.elementor-element-3879ca5f.elementor-column .elementor-widget-wrap{align-items:center;}.elementor-487 .elementor-element.elementor-element-3879ca5f.elementor-column.elementor-element[data-element_type=\"column\"] > .elementor-widget-wrap.elementor-element-populated{align-content:center;align-items:center;}.elementor-487 .elementor-element.elementor-element-3879ca5f > .elementor-element-populated{margin:0px 0px 0px 60px;--e-column-margin-right:0px;--e-column-margin-left:60px;}@media(max-width:1024px) and (min-width:768px){.elementor-487 .elementor-element.elementor-element-3879ca5f{width:100%;}}@media(max-width:1024px){.elementor-487 .elementor-element.elementor-element-290c6d5b > .elementor-shape-bottom svg{width:calc(150% + 1.3px);height:120px;}.elementor-487 .elementor-element.elementor-element-290c6d5b{padding:270px 10px 150px 10px;}.elementor-487 .elementor-element.elementor-element-78fc76ba .elementor-heading-title{font-size:46px;}.elementor-487 .elementor-element.elementor-element-6af3b322{padding:80px 10px 80px 10px;}.elementor-487 .elementor-element.elementor-element-3879ca5f > .elementor-element-populated{margin:40px 1px 0px 0px;--e-column-margin-right:1px;--e-column-margin-left:0px;}}@media(max-width:767px){.elementor-487 .elementor-element.elementor-element-290c6d5b:not(.elementor-motion-effects-element-type-background), .elementor-487 .elementor-element.elementor-element-290c6d5b > .elementor-motion-effects-container > .elementor-motion-effects-layer{background-position:center center;}.elementor-487 .elementor-element.elementor-element-290c6d5b > .elementor-shape-bottom svg{height:100px;}.elementor-487 .elementor-element.elementor-element-290c6d5b{padding:200px 5px 150px 5px;}.elementor-487 .elementor-element.elementor-element-78fc76ba{text-align:center;}.elementor-487 .elementor-element.elementor-element-78fc76ba .elementor-heading-title{font-size:30px;}.elementor-487 .elementor-element.elementor-element-6af3b322{padding:50px 5px 50px 5px;}.elementor-487 .elementor-element.elementor-element-3879ca5f > .elementor-element-populated{margin:0px 0px 0px 0px;--e-column-margin-right:0px;--e-column-margin-left:0px;}.elementor-487 .elementor-element.elementor-element-35fad26{text-align:justify;}}<\/style>\t\t<div data-elementor-type=\"wp-page\" data-elementor-id=\"487\" class=\"elementor elementor-487\" data-elementor-post-type=\"page\">\n\t\t\t\t\t\t<section class=\"elementor-section elementor-top-section elementor-element elementor-element-290c6d5b elementor-reverse-tablet elementor-reverse-mobile elementor-section-boxed elementor-section-height-default elementor-section-height-default\" data-id=\"290c6d5b\" data-element_type=\"section\" data-e-type=\"section\" data-settings=\"{&quot;background_background&quot;:&quot;classic&quot;,&quot;shape_divider_bottom&quot;:&quot;pyramids&quot;,&quot;shape_divider_bottom_negative&quot;:&quot;yes&quot;}\">\n\t\t\t\t\t\t\t<div class=\"elementor-background-overlay\"><\/div>\n\t\t\t\t\t\t<div class=\"elementor-shape elementor-shape-bottom\" aria-hidden=\"true\" data-negative=\"true\">\n\t\t\t<svg xmlns=\"http:\/\/www.w3.org\/2000\/svg\" viewBox=\"0 0 1000 100\" preserveAspectRatio=\"none\">\n\t<path class=\"elementor-shape-fill\" d=\"M761.9,40.6L643.1,24L333.9,93.8L0.1,1H0v99h1000V1\"\/>\n<\/svg>\t\t<\/div>\n\t\t\t\t\t<div class=\"elementor-container elementor-column-gap-default\">\n\t\t\t\t\t<div class=\"elementor-column elementor-col-100 elementor-top-column elementor-element elementor-element-16e8cfb4\" data-id=\"16e8cfb4\" data-element_type=\"column\" data-e-type=\"column\" data-settings=\"{&quot;background_background&quot;:&quot;classic&quot;}\">\n\t\t\t<div class=\"elementor-widget-wrap elementor-element-populated\">\n\t\t\t\t\t\t\t<\/div>\n\t\t<\/div>\n\t\t\t\t\t<\/div>\n\t\t<\/section>\n\t\t\t\t<section class=\"elementor-section elementor-top-section elementor-element elementor-element-6af3b322 elementor-section-content-middle elementor-section-boxed elementor-section-height-default elementor-section-height-default\" data-id=\"6af3b322\" data-element_type=\"section\" data-e-type=\"section\">\n\t\t\t\t\t\t<div class=\"elementor-container elementor-column-gap-default\">\n\t\t\t\t\t<div class=\"elementor-column elementor-col-100 elementor-top-column elementor-element elementor-element-3879ca5f\" data-id=\"3879ca5f\" data-element_type=\"column\" data-e-type=\"column\">\n\t\t\t<div class=\"elementor-widget-wrap elementor-element-populated\">\n\t\t\t\t\t\t<div class=\"elementor-element elementor-element-35fad26 elementor-widget elementor-widget-text-editor\" data-id=\"35fad26\" data-element_type=\"widget\" data-e-type=\"widget\" data-widget_type=\"text-editor.default\">\n\t\t\t\t<div class=\"elementor-widget-container\">\n\t\t\t\t\t\t\t\t\t<div>El sitio web y el dominio <a href=\"http:\/\/www.horscategoriegirona.cc\/\" target=\"_blank\" rel=\"noopener\" data-saferedirecturl=\"https:\/\/www.google.com\/url?q=http:\/\/www.horscategoriegirona.cc&amp;source=gmail&amp;ust=1691666109946000&amp;usg=AOvVaw2UPlDEFBOrU3DC1gMLznHx\">www.horscategoriegirona.cc<\/a>\u00a0corresponden a HC BIKE-COFFE SL (en adelante Hors Categorie), con CIF B55331813, domiciliada en Calle Perill, n\u00ba3 Girona (17001), tel. 669 970 758, a \/ e\u00a0<a href=\"mailto:info@horscategoriegirona.cc\" target=\"_blank\" rel=\"noopener\">info@horscategoriegirona.cc<\/a>.<\/div><div><p>Esta declaraci\u00f3n de accesibilidad se aplica a esta web.<\/p><h2 class=\"wp-block-heading\">Situaci\u00f3n de cumplimiento<\/h2><p>Este sitio web est\u00e1 desarrollado de acuerdo con el RD 1112\/2018<\/p><h2 class=\"wp-block-heading\">Preparaci\u00f3n para la siguiente declaraci\u00f3n de accesibilidad<\/h2><p>Esta declaraci\u00f3n fue preparada el\u00a020 de mayo de 2023.<\/p><p>El m\u00e9todo empleado para preparar la declaraci\u00f3n ha sido una autoevaluaci\u00f3n.<\/p><h2 class=\"wp-block-heading\">Observaciones y datos de contacto<\/h2><p>Puede realizar comunicaciones sobre requisitos de accesibilidad (art\u00edculo 10.2.a del RD 1112\/2018) como:<\/p><ul><li>Informar sobre cualquier posible incumplimiento por parte de este sitio web<\/li><li>Transmitir otras dificultades de acceso al contenido<\/li><li>Formular cualquier otra consulta o sugerencia de mejora relativa a la accesibilidad del sitio web a trav\u00e9s del\u00a0<a href=\"\/contacto\/\" data-type=\"page\" data-id=\"686\">formulario de contacto\u00a0<\/a>de este sitio web o a trav\u00e9s del n\u00famero de tel\u00e9fono 691 115 092<\/li><\/ul><p>Puede presentar:<\/p><ul><li>Queja relativa al cumplimiento de los requisitos del RD 1112\/2018<\/li><li>Solicitud de informaci\u00f3n accesible relativa a:<ul><li>Contenidos que est\u00e1n excluidos del \u00e1mbito de aplicaci\u00f3n del RD 1112\/2018 seg\u00fan lo que establece el art\u00edculo 3, apartado 4<\/li><li>Contenidos que est\u00e1n exentos del cumplimiento de los requisitos de accesibilidad para imponer una carga desproporcionada<\/li><li>En la Solicitud de informaci\u00f3n accesible, deben concretarse, con toda claridad, los hechos, las razones y la petici\u00f3n que permitan constatar que se trata de una solicitud razonable y leg\u00edtima.<\/li><\/ul><\/li><\/ul><p>Las quejas y reclamaciones sobre informaci\u00f3n accesible se realizar\u00e1n a trav\u00e9s de la sede electr\u00f3nica (<a href=\"https:\/\/sede.red.gob.es\/procedimientos\/quejas-y-sugerencias\" target=\"_blank\" rel=\"noreferrer noopener\">https:\/\/sede.red.gob.es\/procedimientos\/quejas-y-sugerencias<\/a>), y ser\u00e1n recibidas y tratadas por el \u00e1rea de Sistemas de la Informaci\u00f3n de Red.es.<\/p><h2 class=\"wp-block-heading\">Contenido opcional<\/h2><ul><li>Si desea cambiar el tama\u00f1o de letra del texto en los principales navegadores gr\u00e1ficos utilice los siguientes men\u00fas:<\/li><li>Safari: Ver &gt; Hacer el texto m\u00e1s grande<\/li><li>Chrome: Controla la p\u00e1gina actual &gt; Tama\u00f1o del texto<\/li><\/ul><p>Para modificar el tama\u00f1o de todo en la p\u00e1gina:<\/p><ul><li>Ctrl++ para aumentarlo<\/li><li>Ctrl + \u2013 para disminuirlo<\/li><li>Ctrl + 0 restaura el tama\u00f1o original del texto<\/li><li>Si lo que desea es anular la hoja de estilos o modificar el color del texto, puede consultar la p\u00e1gina How to Change Text Size o Colores de la WAI, que se puede leer traducido al espa\u00f1ol en C\u00f3mo cambiar el tama\u00f1o del texto o colores?<\/li><\/ul><\/div>\t\t\t\t\t\t\t\t<\/div>\n\t\t\t\t<\/div>\n\t\t\t\t\t<\/div>\n\t\t<\/div>\n\t\t\t\t\t<\/div>\n\t\t<\/section>\n\t\t\t\t<\/div>\n\t\t","protected":false},"excerpt":{"rendered":"<p>El sitio web y el dominio www.horscategoriegirona.cc\u00a0corresponden a HC BIKE-COFFE SL (en adelante Hors Categorie), con CIF B55331813, domiciliada en Calle Perill, n\u00ba3 Girona (17001), tel. 669 970 758, a \/ e\u00a0info@horscategoriegirona.cc. Esta declaraci\u00f3n de accesibilidad se aplica a esta web. Situaci\u00f3n de cumplimiento Este sitio web est\u00e1 desarrollado de acuerdo con el RD 1112\/2018&hellip;&nbsp;<\/p>","protected":false},"author":2,"featured_media":0,"parent":0,"menu_order":0,"comment_status":"closed","ping_status":"closed","template":"page-templates\/template-pagebuilder-full-width.php","meta":{"neve_meta_sidebar":"","neve_meta_container":"","neve_meta_enable_content_width":"off","neve_meta_content_width":100,"neve_meta_title_alignment":"","neve_meta_author_avatar":"","neve_post_elements_order":"","neve_meta_disable_header":"","neve_meta_disable_footer":"","neve_meta_disable_title":"","footnotes":""},"class_list":["post-487","page","type-page","status-publish","hentry"],"yoast_head":"<!-- This site is optimized with the Yoast SEO plugin v27.1.1 - https:\/\/yoast.com\/product\/yoast-seo-wordpress\/ -->\n<title>Declaraci\u00f3n de accesibilidad - Hors Cat\u00e9gorie | Cafeter\u00eda de comida sana, caf\u00e9 y ciclismo en Girona<\/title>\n<meta name=\"robots\" content=\"index, follow, max-snippet:-1, max-image-preview:large, max-video-preview:-1\" \/>\n<link rel=\"canonical\" href=\"https:\/\/www.horscategoriegirona.cc\/en\/declaracion-de-accesibilidad\/\" \/>\n<meta property=\"og:locale\" content=\"en_GB\" \/>\n<meta property=\"og:type\" content=\"article\" \/>\n<meta property=\"og:title\" content=\"Declaraci\u00f3n de accesibilidad - Hors Cat\u00e9gorie | Cafeter\u00eda de comida sana, caf\u00e9 y ciclismo en Girona\" \/>\n<meta property=\"og:description\" content=\"El sitio web y el dominio www.horscategoriegirona.cc\u00a0corresponden a HC BIKE-COFFE SL (en adelante Hors Categorie), con CIF B55331813, domiciliada en Calle Perill, n\u00ba3 Girona (17001), tel. 669 970 758, a \/ e\u00a0info@horscategoriegirona.cc. Esta declaraci\u00f3n de accesibilidad se aplica a esta web. Situaci\u00f3n de cumplimiento Este sitio web est\u00e1 desarrollado de acuerdo con el RD 1112\/2018&hellip;&nbsp;\" \/>\n<meta property=\"og:url\" content=\"https:\/\/www.horscategoriegirona.cc\/en\/declaracion-de-accesibilidad\/\" \/>\n<meta property=\"og:site_name\" content=\"Hors Cat\u00e9gorie | Cafeter\u00eda de comida sana, caf\u00e9 y ciclismo en Girona\" \/>\n<meta property=\"article:modified_time\" content=\"2023-08-30T10:56:03+00:00\" \/>\n<meta name=\"twitter:card\" content=\"summary_large_image\" \/>\n<meta name=\"twitter:label1\" content=\"Estimated reading time\" \/>\n\t<meta name=\"twitter:data1\" content=\"2 minutes\" \/>\n<script type=\"application\/ld+json\" class=\"yoast-schema-graph\">{\"@context\":\"https:\/\/schema.org\",\"@graph\":[{\"@type\":\"WebPage\",\"@id\":\"https:\/\/www.horscategoriegirona.cc\/declaracion-de-accesibilidad\/\",\"url\":\"https:\/\/www.horscategoriegirona.cc\/declaracion-de-accesibilidad\/\",\"name\":\"Declaraci\u00f3n de accesibilidad - Hors Cat\u00e9gorie | Cafeter\u00eda de comida sana, caf\u00e9 y ciclismo en Girona\",\"isPartOf\":{\"@id\":\"https:\/\/www.horscategoriegirona.cc\/#website\"},\"datePublished\":\"2023-08-30T10:46:56+00:00\",\"dateModified\":\"2023-08-30T10:56:03+00:00\",\"breadcrumb\":{\"@id\":\"https:\/\/www.horscategoriegirona.cc\/declaracion-de-accesibilidad\/#breadcrumb\"},\"inLanguage\":\"en-GB\",\"potentialAction\":[{\"@type\":\"ReadAction\",\"target\":[\"https:\/\/www.horscategoriegirona.cc\/declaracion-de-accesibilidad\/\"]}]},{\"@type\":\"BreadcrumbList\",\"@id\":\"https:\/\/www.horscategoriegirona.cc\/declaracion-de-accesibilidad\/#breadcrumb\",\"itemListElement\":[{\"@type\":\"ListItem\",\"position\":1,\"name\":\"Portada\",\"item\":\"https:\/\/www.horscategoriegirona.cc\/\"},{\"@type\":\"ListItem\",\"position\":2,\"name\":\"Declaraci\u00f3n de accesibilidad\"}]},{\"@type\":\"WebSite\",\"@id\":\"https:\/\/www.horscategoriegirona.cc\/#website\",\"url\":\"https:\/\/www.horscategoriegirona.cc\/\",\"name\":\"Hors Cat\u00e9gorie | Cafeter\u00eda de comida sana, caf\u00e9 y ciclismo en Girona\",\"description\":\"Hors Cat\u00e9gorie es la cafeter\u00eda de Girona con los mejores platos de comida saludable, caf\u00e9 de especialidad, cerveza artesanal y complementos de ciclismo.\",\"potentialAction\":[{\"@type\":\"SearchAction\",\"target\":{\"@type\":\"EntryPoint\",\"urlTemplate\":\"https:\/\/www.horscategoriegirona.cc\/?s={search_term_string}\"},\"query-input\":{\"@type\":\"PropertyValueSpecification\",\"valueRequired\":true,\"valueName\":\"search_term_string\"}}],\"inLanguage\":\"en-GB\"}]}<\/script>\n<!-- \/ Yoast SEO plugin. -->","yoast_head_json":{"title":"Declaraci\u00f3n de accesibilidad - Hors Cat\u00e9gorie | Cafeter\u00eda de comida sana, caf\u00e9 y ciclismo en Girona","robots":{"index":"index","follow":"follow","max-snippet":"max-snippet:-1","max-image-preview":"max-image-preview:large","max-video-preview":"max-video-preview:-1"},"canonical":"https:\/\/www.horscategoriegirona.cc\/en\/declaracion-de-accesibilidad\/","og_locale":"en_GB","og_type":"article","og_title":"Declaraci\u00f3n de accesibilidad - Hors Cat\u00e9gorie | Cafeter\u00eda de comida sana, caf\u00e9 y ciclismo en Girona","og_description":"El sitio web y el dominio www.horscategoriegirona.cc\u00a0corresponden a HC BIKE-COFFE SL (en adelante Hors Categorie), con CIF B55331813, domiciliada en Calle Perill, n\u00ba3 Girona (17001), tel. 669 970 758, a \/ e\u00a0info@horscategoriegirona.cc. Esta declaraci\u00f3n de accesibilidad se aplica a esta web. Situaci\u00f3n de cumplimiento Este sitio web est\u00e1 desarrollado de acuerdo con el RD 1112\/2018&hellip;&nbsp;","og_url":"https:\/\/www.horscategoriegirona.cc\/en\/declaracion-de-accesibilidad\/","og_site_name":"Hors Cat\u00e9gorie | Cafeter\u00eda de comida sana, caf\u00e9 y ciclismo en Girona","article_modified_time":"2023-08-30T10:56:03+00:00","twitter_card":"summary_large_image","twitter_misc":{"Estimated reading time":"2 minutes"},"schema":{"@context":"https:\/\/schema.org","@graph":[{"@type":"WebPage","@id":"https:\/\/www.horscategoriegirona.cc\/declaracion-de-accesibilidad\/","url":"https:\/\/www.horscategoriegirona.cc\/declaracion-de-accesibilidad\/","name":"Declaraci\u00f3n de accesibilidad - Hors Cat\u00e9gorie | Cafeter\u00eda de comida sana, caf\u00e9 y ciclismo en Girona","isPartOf":{"@id":"https:\/\/www.horscategoriegirona.cc\/#website"},"datePublished":"2023-08-30T10:46:56+00:00","dateModified":"2023-08-30T10:56:03+00:00","breadcrumb":{"@id":"https:\/\/www.horscategoriegirona.cc\/declaracion-de-accesibilidad\/#breadcrumb"},"inLanguage":"en-GB","potentialAction":[{"@type":"ReadAction","target":["https:\/\/www.horscategoriegirona.cc\/declaracion-de-accesibilidad\/"]}]},{"@type":"BreadcrumbList","@id":"https:\/\/www.horscategoriegirona.cc\/declaracion-de-accesibilidad\/#breadcrumb","itemListElement":[{"@type":"ListItem","position":1,"name":"Portada","item":"https:\/\/www.horscategoriegirona.cc\/"},{"@type":"ListItem","position":2,"name":"Declaraci\u00f3n de accesibilidad"}]},{"@type":"WebSite","@id":"https:\/\/www.horscategoriegirona.cc\/#website","url":"https:\/\/www.horscategoriegirona.cc\/","name":"Hors Cat\u00e9gorie | Cafeter\u00eda de comida sana, caf\u00e9 y ciclismo en Girona","description":"Hors Cat\u00e9gorie es la cafeter\u00eda de Girona con los mejores platos de comida saludable, caf\u00e9 de especialidad, cerveza artesanal y complementos de ciclismo.","potentialAction":[{"@type":"SearchAction","target":{"@type":"EntryPoint","urlTemplate":"https:\/\/www.horscategoriegirona.cc\/?s={search_term_string}"},"query-input":{"@type":"PropertyValueSpecification","valueRequired":true,"valueName":"search_term_string"}}],"inLanguage":"en-GB"}]}},"_links":{"self":[{"href":"https:\/\/www.horscategoriegirona.cc\/en\/wp-json\/wp\/v2\/pages\/487","targetHints":{"allow":["GET"]}}],"collection":[{"href":"https:\/\/www.horscategoriegirona.cc\/en\/wp-json\/wp\/v2\/pages"}],"about":[{"href":"https:\/\/www.horscategoriegirona.cc\/en\/wp-json\/wp\/v2\/types\/page"}],"author":[{"embeddable":true,"href":"https:\/\/www.horscategoriegirona.cc\/en\/wp-json\/wp\/v2\/users\/2"}],"replies":[{"embeddable":true,"href":"https:\/\/www.horscategoriegirona.cc\/en\/wp-json\/wp\/v2\/comments?post=487"}],"version-history":[{"count":7,"href":"https:\/\/www.horscategoriegirona.cc\/en\/wp-json\/wp\/v2\/pages\/487\/revisions"}],"predecessor-version":[{"id":497,"href":"https:\/\/www.horscategoriegirona.cc\/en\/wp-json\/wp\/v2\/pages\/487\/revisions\/497"}],"wp:attachment":[{"href":"https:\/\/www.horscategoriegirona.cc\/en\/wp-json\/wp\/v2\/media?parent=487"}],"curies":[{"name":"wp","href":"https:\/\/api.w.org\/{rel}","templated":true}]}}